{"id":45,"date":"2017-10-31T16:15:38","date_gmt":"2017-10-31T16:15:38","guid":{"rendered":"http:\/\/der-edv-coach.de\/?page_id=45"},"modified":"2026-01-18T08:43:53","modified_gmt":"2026-01-18T08:43:53","slug":"dozenten-helpdesk","status":"publish","type":"page","link":"http:\/\/der-edv-coach.de\/?page_id=45","title":{"rendered":"Dozenten-Helpdesk"},"content":{"rendered":"<p><strong>Sehr geehrte Dozentinnen und Dozenten!<\/strong><\/p>\n<p>Unsere bzw. Ihre Arbeit als Freiberufler oder Gewerbetreibende aktiv zu unterst\u00fctzen, ist das Anliegen dieses Portals, welches wir stetig erweitern und verbessern wollen.<\/p>\n<p>Aus diesem Grund ver\u00f6ffentlichen wir hier f\u00fcr Sie Wissenswertes und vielleicht n\u00fctzlichen Ratschl\u00e4ge f\u00fcr Ihre T\u00e4tigkeit, nach M\u00f6glichkeit auch Test- und Erfahrungsberichte.<br \/>\nIn diesem Sinne freuen wir uns \u00fcber ein reges Interesse an einem Austausch von Informationen und Erfahrungen, welche wir oder Sie im t\u00e4glichen Dozenten-Einsatz gewonnen haben.<\/p>\n<p><strong>Dozenten-Checkliste f\u00fcr Auftragsrecherche &#8211; PowerPoint-Pr\u00e4sentation (Stand: 2019)<\/strong><\/p>\n<p>&#8211; im Aufbau<\/p>\n<p><strong>G\u00fcnstige \u00dcbernachtungen (Deutschlandweit):<\/strong><\/p>\n<p><a href=\"http:\/\/www.pension-am-lewenberg.de\/\" target=\"_blank\" rel=\"noopener\"><img decoding=\"async\" class=\"alignnone wp-image-271\" src=\"http:\/\/der-edv-coach.de\/wp-content\/uploads\/2017\/10\/pension-am-lewenberg-sn-300x127.jpg\" alt=\"\" width=\"274\" height=\"116\" srcset=\"http:\/\/der-edv-coach.de\/wp-content\/uploads\/2017\/10\/pension-am-lewenberg-sn-300x127.jpg 300w, http:\/\/der-edv-coach.de\/wp-content\/uploads\/2017\/10\/pension-am-lewenberg-sn.jpg 350w\" sizes=\"(max-width: 274px) 100vw, 274px\" \/><\/a><br \/>\n&#8211; Schwerin &#8211; Pension &#8222;Am Lewenberg&#8220; &#8211; Andrea Darsow<br \/>\n&#8211; M\u00fcnchen<br \/>\n&#8211; Freiburg i. Br.<br \/>\n&#8211; Hannover<br \/>\n&#8211; Munster\/Soltau<\/p>\n<p><strong>Technische Ger\u00e4te:<\/strong><\/p>\n<p>&#8211; im Aufbau f\u00fcr Pr\u00e4sentation, B\u00fcroorganisation und unseren mobilen Einsatz<\/p>\n<p><strong>Software-Entwicklungen:<\/strong><\/p>\n<p>&#8211; im Aufbau<\/p>\n<p><strong>Arbeits- u. Steuertipps sowie Informationen zur Rentenversicherung f\u00fcr Dozenten:<\/strong><\/p>\n<p>&#8211; im Aufbau<\/p>\n<p><strong>Literaturempfehlungen:<\/strong><\/p>\n<p>&#8211; im Aufbau f\u00fcr MS Office, Logistik und Betriebsorganisation<\/p>\n<p><strong>Vielleicht wollen Sie unsere Tipps um neue Informationen erg\u00e4nzen oder aktualisieren?<\/strong><\/p>\n<p>Bitte nutzen Sie f\u00fcr Ihre Nachricht an uns das <a href=\"http:\/\/der-edv-coach.de\/?page_id=42\">Kontakt-Formular<\/a>.<\/p>\n<p><strong>Hinweis &amp; Haftungsausschluss:<\/strong><\/p>\n<p>Alle hier gemachten Angaben sind rein pers\u00f6nliche Erfahrungen und Ergebnisse.<br \/>\nSie erheben keinen Anspruch auf Vollst\u00e4ndigkeit oder Richtigkeit, insofern erst recht, wenn diese Angaben von Dritten f\u00fcr diese Website erbracht wurden.<\/p>\n<p>Hier bleibt Ihnen die M\u00f6glichkeit der eigenen Nachfrage, Recherche etc. als M\u00f6glichkeit der Richtigstellung oder Vertiefung.<br \/>\nDie hier gemachten Angaben erheben vor allem in finanzieller Hinsicht keine Aussicht auf Tendenzen und Entwicklungen des Marktes im Allgemeinen.<\/p>\n<p>Der Betreiber der Website haftet also nicht f\u00fcr Sch\u00e4den oder Verluste jedweder Art, wenn die hier ver\u00f6ffentlichten Angaben nicht der Wahrheit entsprachen oder z. B. der erhoffte Gewinn in Form von Geld oder Fr\u00fcchten nicht eingetreten ist.<\/p>\n<p>Unabh\u00e4ngig davon ist der Betreiber der Website stetig bem\u00fcht, Ihnen richtige und zutreffende Angaben zur Verf\u00fcgung zu stellen.<\/p>\n","protected":false},"excerpt":{"rendered":"<p>Sehr geehrte Dozentinnen und Dozenten! Unsere bzw. Ihre Arbeit als Freiberufler oder Gewerbetreibende aktiv zu unterst\u00fctzen, ist das Anliegen dieses Portals, welches wir stetig erweitern und verbessern wollen. Aus diesem Grund ver\u00f6ffentlichen wir hier f\u00fcr Sie Wissenswertes und vielleicht n\u00fctzlichen&hellip; <\/p>\n","protected":false},"author":1,"featured_media":0,"parent":0,"menu_order":0,"comment_status":"closed","ping_status":"closed","template":"","meta":{"_monsterinsights_skip_tracking":false,"_monsterinsights_sitenote_active":false,"_monsterinsights_sitenote_note":"","_monsterinsights_sitenote_category":0,"_uf_show_specific_survey":0,"_uf_disable_surveys":false,"footnotes":""},"class_list":["post-45","page","type-page","status-publish","hentry"],"aioseo_notices":[],"_links":{"self":[{"href":"http:\/\/der-edv-coach.de\/index.php?rest_route=\/wp\/v2\/pages\/45","targetHints":{"allow":["GET"]}}],"collection":[{"href":"http:\/\/der-edv-coach.de\/index.php?rest_route=\/wp\/v2\/pages"}],"about":[{"href":"http:\/\/der-edv-coach.de\/index.php?rest_route=\/wp\/v2\/types\/page"}],"author":[{"embeddable":true,"href":"http:\/\/der-edv-coach.de\/index.php?rest_route=\/wp\/v2\/users\/1"}],"replies":[{"embeddable":true,"href":"http:\/\/der-edv-coach.de\/index.php?rest_route=%2Fwp%2Fv2%2Fcomments&post=45"}],"version-history":[{"count":26,"href":"http:\/\/der-edv-coach.de\/index.php?rest_route=\/wp\/v2\/pages\/45\/revisions"}],"predecessor-version":[{"id":695,"href":"http:\/\/der-edv-coach.de\/index.php?rest_route=\/wp\/v2\/pages\/45\/revisions\/695"}],"wp:attachment":[{"href":"http:\/\/der-edv-coach.de\/index.php?rest_route=%2Fwp%2Fv2%2Fmedia&parent=45"}],"curies":[{"name":"wp","href":"https:\/\/api.w.org\/{rel}","templated":true}]}}