{"id":2,"date":"2016-05-10T03:48:21","date_gmt":"2016-05-10T03:48:21","guid":{"rendered":"http:\/\/der-edv-coach.de\/?page_id=2"},"modified":"2025-03-02T18:33:39","modified_gmt":"2025-03-02T18:33:39","slug":"sample-page","status":"publish","type":"page","link":"https:\/\/der-edv-coach.de\/","title":{"rendered":"Start &#8211; Ihr EDV- und Logistik-Coach!"},"content":{"rendered":"<p><strong>Ihren Erfolg gemeinsam gestalten!<\/strong><\/p>\n<p>Dazu\u00a0begr\u00fc\u00dfe ich\u00a0Sie recht herzlich auf meiner Homepage!<\/p>\n<p><strong>Sie suchen einen qualifizierten und zertifizierten Trainer und Organisator f\u00fcr:<\/strong><\/p>\n<ul>\n<li>MS Office-Seminare (MS Office 2024\/365)<\/li>\n<li>AEVO-Individuallehrg\u00e4nge und -Pr\u00fcfungsvorbereitung<\/li>\n<li>Pr\u00fcfungsvorbereitung Wirtschaftsfachwirte und Logistikmeister (Logistik)<\/li>\n<li>Pr\u00fcfungsvorbereitung Kraftverkehrsmeister (Logistik)<\/li>\n<li>Logistik-Unterricht f\u00fcr Lager, Wirtschaftsfachwirte und Logistikmeister<\/li>\n<li>Planung von Lehrg\u00e4ngen\/Seminaren und Erstellung passender Lehrgangsunterlagen (Online-\/Live-Seminare)<\/li>\n<li>Coaching &amp; Kommunikation<\/li>\n<li>Betriebsorganisation und Unternehmensf\u00fchrung<\/li>\n<li>Moderation und Redaktion<\/li>\n<li>Video- und Podcast-Produktionen.<\/li>\n<\/ul>\n<p><strong>&#8211; Dann sind Sie hier richtig!<\/strong><\/p>\n<p><strong>Auf eine gute Zusammenarbeit, Ihr Ingo Elstner!<\/strong><\/p>\n","protected":false},"excerpt":{"rendered":"<p>Ihren Erfolg gemeinsam gestalten! Dazu\u00a0begr\u00fc\u00dfe ich\u00a0Sie recht herzlich auf meiner Homepage! Sie suchen einen qualifizierten und zertifizierten Trainer und Organisator f\u00fcr: MS Office-Seminare (MS Office 2024\/365) AEVO-Individuallehrg\u00e4nge und -Pr\u00fcfungsvorbereitung Pr\u00fcfungsvorbereitung Wirtschaftsfachwirte und Logistikmeister (Logistik) Pr\u00fcfungsvorbereitung Kraftverkehrsmeister (Logistik) Logistik-Unterricht f\u00fcr Lager,&hellip; <\/p>\n","protected":false},"author":1,"featured_media":0,"parent":0,"menu_order":0,"comment_status":"closed","ping_status":"open","template":"","meta":{"_monsterinsights_skip_tracking":false,"_monsterinsights_sitenote_active":false,"_monsterinsights_sitenote_note":"","_monsterinsights_sitenote_category":0,"_uf_show_specific_survey":0,"_uf_disable_surveys":false,"footnotes":""},"class_list":["post-2","page","type-page","status-publish","hentry"],"aioseo_notices":[],"_links":{"self":[{"href":"https:\/\/der-edv-coach.de\/index.php?rest_route=\/wp\/v2\/pages\/2","targetHints":{"allow":["GET"]}}],"collection":[{"href":"https:\/\/der-edv-coach.de\/index.php?rest_route=\/wp\/v2\/pages"}],"about":[{"href":"https:\/\/der-edv-coach.de\/index.php?rest_route=\/wp\/v2\/types\/page"}],"author":[{"embeddable":true,"href":"https:\/\/der-edv-coach.de\/index.php?rest_route=\/wp\/v2\/users\/1"}],"replies":[{"embeddable":true,"href":"https:\/\/der-edv-coach.de\/index.php?rest_route=%2Fwp%2Fv2%2Fcomments&post=2"}],"version-history":[{"count":53,"href":"https:\/\/der-edv-coach.de\/index.php?rest_route=\/wp\/v2\/pages\/2\/revisions"}],"predecessor-version":[{"id":655,"href":"https:\/\/der-edv-coach.de\/index.php?rest_route=\/wp\/v2\/pages\/2\/revisions\/655"}],"wp:attachment":[{"href":"https:\/\/der-edv-coach.de\/index.php?rest_route=%2Fwp%2Fv2%2Fmedia&parent=2"}],"curies":[{"name":"wp","href":"https:\/\/api.w.org\/{rel}","templated":true}]}}