{"id":300,"date":"2018-06-09T08:53:56","date_gmt":"2018-06-09T08:53:56","guid":{"rendered":"http:\/\/der-edv-coach.de\/?page_id=300"},"modified":"2022-10-08T10:35:11","modified_gmt":"2022-10-08T10:35:11","slug":"datenschutz","status":"publish","type":"page","link":"https:\/\/der-edv-coach.de\/?page_id=300","title":{"rendered":"Datenschutz"},"content":{"rendered":"<p><strong>Hinweise zur Datenschutzerkl\u00e4rung des EDV-Coaches Ingo Elstner<\/strong><\/p>\n<p>Bitte beachten Sie die allgemeine Datenschutzerkl\u00e4rung, welche die Zusammenarbeit mit Ihnen und uns,<br \/>\nsowie die Regularien f\u00fcr das Betreten unseres Webportals incl. einer Anfrage \u00fcber unser Kontaktformular beinhaltet.<\/p>\n<p><strong>Datenschutzerkl\u00e4rung<\/strong><br \/>\nDer Betreiber dieser Seite nimmt den Schutz Ihrer pers\u00f6nlichen Daten sehr ernst.<br \/>\nIch behandle Ihre personenbezogenen Daten vertraulich und entsprechend der gesetzlichen Datenschutzvorschriften sowie dieser Datenschutzerkl\u00e4rung.<\/p>\n<p>Die Nutzung dieser Webseite ist in der Regel ohne Angabe personenbezogener Daten m\u00f6glich.<br \/>\nSoweit auf meinen Seiten personenbezogene Daten (beispielsweise Name, Anschrift oder E-Mail-Adressen) erhoben werden, erfolgt dies, soweit m\u00f6glich, stets auf freiwilliger Basis. Diese Daten werden ohne Ihre ausdr\u00fcckliche Zustimmung nicht an Dritte weitergegeben.<\/p>\n<p>Ich weise darauf hin, dass die Daten\u00fcbertragung im Internet (z. B. bei der Kommunikation per E-Mail) Sicherheitsl\u00fccken aufweisen kann.<br \/>\nEin l\u00fcckenloser Schutz der Daten vor dem Zugriff durch Dritte ist nicht m\u00f6glich.<\/p>\n<p><strong>Cookies<\/strong><br \/>\nDie besuchten Internetseiten verwenden teilweise sog. &#8222;Cookies&#8220;.<br \/>\nCookies sind kleine Textdateien, die auf Ihrem Rechner abgelegt werden und die Ihr Browser speichert.<br \/>\nCookies richten auf Ihrem Rechner keinen Schaden an und enthalten keine Viren.<br \/>\nCookies dienen dazu, mein Angebot nutzerfreundlicher, effektiver und sicherer zu machen.<\/p>\n<p>Die meisten der von mir verwendeten Cookies sind so genannte &#8222;Session-Cookies&#8220;.<br \/>\nSie werden nach dem Ende Ihres Besuchs automatisch gel\u00f6scht.<br \/>\nAndere Cookies bleiben auf Ihrem Endger\u00e4t gespeichert, bis Sie diese l\u00f6schen.<br \/>\nDiese Cookies erm\u00f6glichen es mir\/uns, Ihren Browser beim n\u00e4chsten Besuch wiederzuerkennen.<\/p>\n<p>Sie k\u00f6nnen Ihren Browser so einstellen, dass Sie \u00fcber das Setzen von Cookies informiert werden und Cookies nur im Einzelfall erlauben.<br \/>\nSie k\u00f6nnen die Annahme von Cookies f\u00fcr bestimmte F\u00e4lle oder generell ausschlie\u00dfen sowie das automatische L\u00f6schen der Cookies beim Schlie\u00dfen des Browsers aktivieren.<br \/>\nBei der Deaktivierung von Cookies kann die Funktionalit\u00e4t der Webseite eingeschr\u00e4nkt sein.<\/p>\n<p><strong>Server-Log-Files<\/strong><br \/>\nDer Provider der Seiten erhebt und speichert automatisch Informationen in so genannten Server-Log-Files, die Ihr Browser automatisch an mich\/uns \u00fcbermittelt.<br \/>\n<em>Dies sind:<\/em> Browsertyp und -version + Verwendetes Betriebssystem + &#8222;Referrer URL&#8220; + Hostname des zugreifenden Rechners + Uhrzeit der Serveranfrage.<\/p>\n<p>Diese Daten sind nicht bestimmten Personen zuordenbar.<br \/>\nEine Zusammenf\u00fchrung dieser Daten mit anderen Datenquellen wird nicht vorgenommen.<br \/>\nIch\/Wir behalten uns vor, diese Daten nachtr\u00e4glich zu pr\u00fcfen, wenn uns konkrete Anhaltspunkte eine rechtswidrigen Nutzung bekannt werden.<\/p>\n<p><strong>Kontaktformular<\/strong><br \/>\nWenn Sie mir\/uns per Kontaktformular etwaige Anfragen zukommen lassen, werden Ihre Angaben aus dem Anfrageformular inklusive der von Ihnen dort angegebenen Kontaktdaten zwecks Bearbeitung der Anfrage und f\u00fcr den Fall von Anschlussfragen bei mir\/uns gespeichert.<br \/>\nDiese Daten gebe ich\/wir nicht ohne Ihre ausdr\u00fcckliche Einwilligung weiter.<\/p>\n<p><strong>SSL-Verschl\u00fcsselung<\/strong><br \/>\nDiese Seite nutzt aus Gr\u00fcnden der Sicherheit und zum Schutz der \u00dcbertragung vertraulicher Inhalte, wie zum Beispiel der Anfragen, die Sie an mich\/uns als Seitenbetreiber senden, eine SSL-Verschl\u00fcsselung.<br \/>\nEine verschl\u00fcsselte Verbindung erkennen Sie daran, dass die Adresszeile des Browsers von &#8222;http:\/\/&#8230;&#8220; auf &#8222;https:\/\/&#8230;&#8220; wechselt und zudem an dem Schloss-Symbol in Ihrer Browser-Zeile.<br \/>\nWenn die SSL-Verschl\u00fcsselung aktiviert ist, k\u00f6nnen die Daten, die Sie an mich\/uns \u00fcbermitteln, nicht von Dritten mitgelesen werden.<\/p>\n<p><strong>Recht auf Auskunft, L\u00f6schung, Sperrung<\/strong><br \/>\nSie haben jederzeit das Recht auf unentgeltliche Auskunft \u00fcber Ihre gespeicherten personenbezogenen Daten, deren Herkunft und Empf\u00e4nger und den Zweck der Datenverarbeitung sowie ein Recht auf Berichtigung, Sperrung oder L\u00f6schung dieser Daten.<\/p>\n<p>Hierzu sowie zu weiteren Fragen zum Thema personenbezogene Daten k\u00f6nnen Sie sich jederzeit unter der im Impressum angegebenen Adresse an mich\/uns wenden.<\/p>\n<p><em>Quelle:<\/em> <a href=\"https:\/\/www.e-recht24.de\/\" target=\"_blank\" rel=\"noopener\">e-recht24.de<\/a> (Stand: Juni 2018)<\/p>\n<p>Vielen Dank f\u00fcr Ihr Vertrauen und weiterhin auf eine gute Zusammenarbeit.<\/p>\n","protected":false},"excerpt":{"rendered":"<p>Hinweise zur Datenschutzerkl\u00e4rung des EDV-Coaches Ingo Elstner Bitte beachten Sie die allgemeine Datenschutzerkl\u00e4rung, welche die Zusammenarbeit mit Ihnen und uns, sowie die Regularien f\u00fcr das Betreten unseres Webportals incl. einer Anfrage \u00fcber unser Kontaktformular beinhaltet. Datenschutzerkl\u00e4rung Der Betreiber dieser Seite&hellip; <\/p>\n","protected":false},"author":1,"featured_media":0,"parent":0,"menu_order":0,"comment_status":"closed","ping_status":"closed","template":"","meta":{"_monsterinsights_skip_tracking":false,"_monsterinsights_sitenote_active":false,"_monsterinsights_sitenote_note":"","_monsterinsights_sitenote_category":0,"_uf_show_specific_survey":0,"_uf_disable_surveys":false,"footnotes":""},"class_list":["post-300","page","type-page","status-publish","hentry"],"aioseo_notices":[],"_links":{"self":[{"href":"https:\/\/der-edv-coach.de\/index.php?rest_route=\/wp\/v2\/pages\/300","targetHints":{"allow":["GET"]}}],"collection":[{"href":"https:\/\/der-edv-coach.de\/index.php?rest_route=\/wp\/v2\/pages"}],"about":[{"href":"https:\/\/der-edv-coach.de\/index.php?rest_route=\/wp\/v2\/types\/page"}],"author":[{"embeddable":true,"href":"https:\/\/der-edv-coach.de\/index.php?rest_route=\/wp\/v2\/users\/1"}],"replies":[{"embeddable":true,"href":"https:\/\/der-edv-coach.de\/index.php?rest_route=%2Fwp%2Fv2%2Fcomments&post=300"}],"version-history":[{"count":9,"href":"https:\/\/der-edv-coach.de\/index.php?rest_route=\/wp\/v2\/pages\/300\/revisions"}],"predecessor-version":[{"id":591,"href":"https:\/\/der-edv-coach.de\/index.php?rest_route=\/wp\/v2\/pages\/300\/revisions\/591"}],"wp:attachment":[{"href":"https:\/\/der-edv-coach.de\/index.php?rest_route=%2Fwp%2Fv2%2Fmedia&parent=300"}],"curies":[{"name":"wp","href":"https:\/\/api.w.org\/{rel}","templated":true}]}}