{"id":36,"date":"2017-10-31T16:10:04","date_gmt":"2017-10-31T16:10:04","guid":{"rendered":"http:\/\/der-edv-coach.de\/?page_id=36"},"modified":"2026-01-18T07:59:57","modified_gmt":"2026-01-18T07:59:57","slug":"vita","status":"publish","type":"page","link":"https:\/\/der-edv-coach.de\/?page_id=36","title":{"rendered":"Meine Vita &#8230;"},"content":{"rendered":"<p><strong>Ich begr\u00fc\u00dfe Sie und sage Danke f\u00fcr Ihren Besuch meiner Web-Pr\u00e4sentation!<\/strong><\/p>\n<p>Trainer- und Erfahrungsjahre auf einer Vita-Seite kompakt zu halten, ist immer eine kleine Herausforderung.<br \/>\nIch hoffe, Ihnen hier einen kurzen und guten Einblick \u00fcber die bisherigen &#8222;Meilensteine&#8220; meiner Erwerbsbiografie geben zu k\u00f6nnen.<\/p>\n<p><strong>Herr Ingo Elstner<\/strong><\/p>\n<p><strong>Titel: Betriebswirt des Handwerks<\/strong><\/p>\n<p><strong>Weitere Berufsabschl\u00fcsse:<\/strong><br \/>\nFacharbeiter f\u00fcr Maschinenbau, B\u00fcrokaufmann, Fachkaufmann f\u00fcr Handwerkswirtschaft, Fachkaufmann f\u00fcr Einkauf &amp; Logistik<\/p>\n<p><strong>Erworbene Zertifikate:<\/strong><br \/>\nAusbildereignung gem. AEVO (IHK\/HWK), Zertifizierter MS Office-Trainer (MOS), ECDL-Trainerzertifikat, Online-Schulung (Tutor)<\/p>\n<p><strong>&#8230; nicht allt\u00e4gliche Begegnungen:<\/strong><br \/>\nHans Meiser (RIP), Helmut Kohl (RIP), Gustav (Drummer von Tokio Hotel), Volker Pispers, Kai Pflaume, Fred Delmare (RIP), Hans-G\u00fcnther P\u00f6litz, Richard Rogler (RIP), Reinhard Mey, Esther Schweins, Mirco Nontschew (RIP), Wigald Boning, Martin Buchholz, Tonja P\u00f6litz, Tobias Hengstmann, Hugo Egon Balder, G\u00fcnter Willumeit (RIP), Tatjana Gesell und Rolf Eden, Stefan J\u00fcrgens, Anke Fiedler, J\u00f6rg Bundschuh, Jens Bullerjahn (MdL), Dr. K.-H. Daehre (MdL), Holger Stahlknecht (MdL), ParlStS Siemtje M\u00f6ller, Dr. Ursula von der Leyen (MdB), Dr. Peter Tauber (MdB), die Moderatoren Marc Angerstein, Bernhard Korinth &amp; Alexander von Beyme, sowie die Sportlerinnen Linda Z\u00fcblin, Nadine Kleinert und Stefan Huss und den Karikaturisten Tom Fiedler.<br \/>\nDas Highlight des Jahres 2023 war der unterst\u00fctzende Abschluss des dreij\u00e4hrigen Projektes &#8222;Invictus Games 2023&#8220;, welches unter anderem ein Treffen mit dem deutschen Verteidigungsminister Boris Pistorius (MdB) und dem Duke of Sussex (Prinz Harry nebst Gemahlin) erm\u00f6glichte. &#8211; Ist ja auch nicht ganz Allt\u00e4glich, zumal wir an den Feierlichkeiten seines Geburtstages teilnehmen konnten. <\/p>\n<p>&#8230; und viele mir in den Jahren ans Herz gewachsene Kameraden, Wegbegleiter und Freunde, ob im Kosovo, beim Hochwassereinsatz, manches Mal sogar beim Tanken, \u00dcberholen auf der Autobahn, in der Bahn oder einfach bei einer Brocken-Wanderung. &#8211; Sch\u00f6ne Zuf\u00e4lle und spontane Wiedersehen sogar in den Kursen, welche das Leben und Reisen als Dozent und Reservist weiterhin nicht &#8222;allt\u00e4glich&#8220; werden lassen.<\/p>\n<p><strong>Bisher in 2026 &#8230;<\/strong><br \/>\nDie AEVO &#8211; Ihre Ausbildereignung! &#8211; Wieder in diesem Jahr neue Orientierungen und neue Lehrg\u00e4nge in der &#8222;Pipeline&#8220;!<br \/>\nEin sehr spannendes und herausforderndes Thema mit viel zu kurzer Unterrichtszeit f\u00fcr die vor einem frisch gebackenen Ausbilder\/-in liegenden Herausforderungen.<br \/>\nBuchen Sie meine &#8222;AEVO-Refresher&#8220;-Lehrg\u00e4nge an ein oder zwei Kurstagen. &#8211; Spannend und erfolgreich seit 2025 organisiert!<\/p>\n<p>Die EDV-Trainings bewegen sich intensiver in die Richtung &#8222;Win 11 und MS Office 2024\/365&#8220;, wenn diese neue MS Office-Anwendungen immer &#8222;\u00dcberraschungen&#8220; f\u00fcr uns Trainer*innen im angewendeten Unterricht und Ihrer vorherigen Implementierung bereithalten.<br \/>\nGutes ging &#8211; Neues kam und vielleicht eint sich alles wieder in der n\u00e4chsten Version? Und warum stellen die Updates immer die guten Sachen so manches Mal wieder aus?<br \/>\nHier helfen uns unterst\u00fctzend immer die Unterlagen, in Hardcopy oder Online, z. B. vom HERDT-Verlag, dem kiehl-Verlag, christiani-Verlag, BILDNER und VierFarben-Verlag, westermann sowie den Publikationen des DIHK. &#8211; Hier meinen Dank an alle Autor*innen und diese und weitere, f\u00fcr uns sehr hilfreiche Verlage!<\/p>\n<p>Die klassischen Schwerpunkte, wie Industrie 4.0 mit den digitalen Ver\u00e4nderungen der KI, MS Copilot, gemini &#038; Co. werden uns sicher enorm ver\u00e4ndern.<br \/>\nHier bin ich im Logistik- und Dienstleistungsbereichen mal gespannt, &#8222;wer da nun die Schippe in die Hand nimmt&#8220; um neue Werte zu schaffen oder Bestehendes unbedingt zu erhalten.<\/p>\n<p>Bleiben Sie und somit &#8222;Wir&#8220;, weiterhin &#8222;hybrid&#8220; neugierig! \ud83d\ude09<\/p>\n<p><strong>Ich w\u00fcnsche Ihnen allen ein beruflich und privat spannendes 2026 mit wie immer &#8222;ungew\u00f6hnlichen und ungeahnten&#8220; Herausforderungen und Gesundheit, Ihr Ingo Elstner.<\/strong><\/p>\n","protected":false},"excerpt":{"rendered":"<p>Ich begr\u00fc\u00dfe Sie und sage Danke f\u00fcr Ihren Besuch meiner Web-Pr\u00e4sentation! Trainer- und Erfahrungsjahre auf einer Vita-Seite kompakt zu halten, ist immer eine kleine Herausforderung. Ich hoffe, Ihnen hier einen kurzen und guten Einblick \u00fcber die bisherigen &#8222;Meilensteine&#8220; meiner Erwerbsbiografie&hellip; <\/p>\n","protected":false},"author":1,"featured_media":0,"parent":0,"menu_order":0,"comment_status":"closed","ping_status":"closed","template":"","meta":{"_monsterinsights_skip_tracking":false,"_monsterinsights_sitenote_active":false,"_monsterinsights_sitenote_note":"","_monsterinsights_sitenote_category":0,"_uf_show_specific_survey":0,"_uf_disable_surveys":false,"footnotes":""},"class_list":["post-36","page","type-page","status-publish","hentry"],"aioseo_notices":[],"_links":{"self":[{"href":"https:\/\/der-edv-coach.de\/index.php?rest_route=\/wp\/v2\/pages\/36","targetHints":{"allow":["GET"]}}],"collection":[{"href":"https:\/\/der-edv-coach.de\/index.php?rest_route=\/wp\/v2\/pages"}],"about":[{"href":"https:\/\/der-edv-coach.de\/index.php?rest_route=\/wp\/v2\/types\/page"}],"author":[{"embeddable":true,"href":"https:\/\/der-edv-coach.de\/index.php?rest_route=\/wp\/v2\/users\/1"}],"replies":[{"embeddable":true,"href":"https:\/\/der-edv-coach.de\/index.php?rest_route=%2Fwp%2Fv2%2Fcomments&post=36"}],"version-history":[{"count":43,"href":"https:\/\/der-edv-coach.de\/index.php?rest_route=\/wp\/v2\/pages\/36\/revisions"}],"predecessor-version":[{"id":682,"href":"https:\/\/der-edv-coach.de\/index.php?rest_route=\/wp\/v2\/pages\/36\/revisions\/682"}],"wp:attachment":[{"href":"https:\/\/der-edv-coach.de\/index.php?rest_route=%2Fwp%2Fv2%2Fmedia&parent=36"}],"curies":[{"name":"wp","href":"https:\/\/api.w.org\/{rel}","templated":true}]}}