{"id":47,"date":"2017-10-31T16:16:27","date_gmt":"2017-10-31T16:16:27","guid":{"rendered":"http:\/\/der-edv-coach.de\/?page_id=47"},"modified":"2023-06-11T06:42:22","modified_gmt":"2023-06-11T06:42:22","slug":"partner-links","status":"publish","type":"page","link":"https:\/\/der-edv-coach.de\/?page_id=47","title":{"rendered":"Partner &#038; Links"},"content":{"rendered":"<p><strong>IT-TrainerInnen, ZeichnerInnen, Coaches &amp; weitere Auftraggeber im Trainingsbereich finden!<\/strong><\/p>\n<p>Auf dieser Seite ver\u00f6ffentlichen wir unsere Partner, Gesch\u00e4ftsfreunde und Netzwerke, sowie hilfreiche Links zum Einsatz als DozentIn.<\/p>\n<p><a href=\"http:\/\/www.gruesner.de\" target=\"_blank\" rel=\"noopener\"><img decoding=\"async\" src=\"http:\/\/der-edv-coach.de\/wp-content\/uploads\/2017\/10\/gruesner-2013.jpg\" alt=\"\" width=\"200\" height=\"78\" \/><\/a><br \/>\nMehr Infos: gruesner.de<\/p>\n<hr \/>\n<p><a href=\"http:\/\/www.computerschulung-duesseldorf.de\" target=\"_blank\" rel=\"noopener\"><img decoding=\"async\" src=\"http:\/\/der-edv-coach.de\/wp-content\/uploads\/2017\/10\/cs_d-2012.jpg\" alt=\"\" width=\"200\" height=\"78\" \/><\/a><br \/>\nMehr Infos: computerschulung-duesseldorf.de<\/p>\n<hr \/>\n<p><a href=\"http:\/\/www.it-sw.info\" target=\"_blank\" rel=\"noopener\"><img decoding=\"async\" src=\"http:\/\/der-edv-coach.de\/wp-content\/uploads\/2017\/10\/it-weiss-300x99.png\" alt=\"\" width=\"201\" height=\"66\" \/><\/a><br \/>\nMehr Infos: it-sw.info<\/p>\n<hr \/>\n<p>EXT Excellent Training e.K.<br \/>\n&#8211; Microsoft Office Seminare in Hamburg zu MS Excel, MS PowerPoint, MS Word und MS Outlook &#8211;<br \/>\nMehr Infos: excellent-training.de<\/p>\n<hr \/>\n<p><a href=\"https:\/\/www.tomfiedler.de\/\" target=\"_blank\" rel=\"noopener\"><img loading=\"lazy\" decoding=\"async\" src=\"http:\/\/der-edv-coach.de\/wp-content\/uploads\/2023\/06\/TomFiedler-Berlin-2023.jpg\" alt=\"IG23 D\u00fcsseldorf-\"Chefkarikaturist\" Tom Fiedler\" width=\"628\" height=\"151\" \/><\/a><br \/>\nMehr Infos: www.tomfiedler.de<\/p>\n<hr \/>\n<p>F\u00fcr Erg\u00e4nzungen, Tipps und weitere Unterst\u00fctzung sind die Gestalter des Portals Ihnen jederzeit sehr dankbar.<\/p>\n<p>Gern k\u00f6nnen Sie hier ebenfalls eine Dienstleistung anbieten, wenn diese f\u00fcr den Einsatz unserer DozentenInnen sinnvoll und arbeitserleichternd ist.<br \/>\nDies kann in erg\u00e4nzenden Schulungen, g\u00fcnstigen \u00dcbernachtungen oder in der Verf\u00fcgbarkeit von Seminarr\u00e4umen geschehen.<br \/>\nGern sind wir auch als freie TrainerInnen f\u00fcr Ihre Agentur im Einsatz. &#8211; Wir freuen uns auf eine Kontaktaufnahme.<\/p>\n<p>Bitte nutzen Sie f\u00fcr Ihre Anregungen,\u00a0konstruktive Kritik oder f\u00fcr Ihr Angebot einfach unser <a href=\"http:\/\/der-edv-coach.de\/?page_id=42\">Kontakt-Formular<\/a>. Vielen Dank.<\/p>\n","protected":false},"excerpt":{"rendered":"<p>IT-TrainerInnen, ZeichnerInnen, Coaches &amp; weitere Auftraggeber im Trainingsbereich finden! Auf dieser Seite ver\u00f6ffentlichen wir unsere Partner, Gesch\u00e4ftsfreunde und Netzwerke, sowie hilfreiche Links zum Einsatz als DozentIn. Mehr Infos: gruesner.de Mehr Infos: computerschulung-duesseldorf.de Mehr Infos: it-sw.info EXT Excellent Training e.K. &#8211;&hellip; <\/p>\n","protected":false},"author":1,"featured_media":0,"parent":0,"menu_order":0,"comment_status":"closed","ping_status":"closed","template":"","meta":{"_monsterinsights_skip_tracking":false,"_monsterinsights_sitenote_active":false,"_monsterinsights_sitenote_note":"","_monsterinsights_sitenote_category":0,"_uf_show_specific_survey":0,"_uf_disable_surveys":false,"footnotes":""},"class_list":["post-47","page","type-page","status-publish","hentry"],"aioseo_notices":[],"_links":{"self":[{"href":"https:\/\/der-edv-coach.de\/index.php?rest_route=\/wp\/v2\/pages\/47","targetHints":{"allow":["GET"]}}],"collection":[{"href":"https:\/\/der-edv-coach.de\/index.php?rest_route=\/wp\/v2\/pages"}],"about":[{"href":"https:\/\/der-edv-coach.de\/index.php?rest_route=\/wp\/v2\/types\/page"}],"author":[{"embeddable":true,"href":"https:\/\/der-edv-coach.de\/index.php?rest_route=\/wp\/v2\/users\/1"}],"replies":[{"embeddable":true,"href":"https:\/\/der-edv-coach.de\/index.php?rest_route=%2Fwp%2Fv2%2Fcomments&post=47"}],"version-history":[{"count":41,"href":"https:\/\/der-edv-coach.de\/index.php?rest_route=\/wp\/v2\/pages\/47\/revisions"}],"predecessor-version":[{"id":610,"href":"https:\/\/der-edv-coach.de\/index.php?rest_route=\/wp\/v2\/pages\/47\/revisions\/610"}],"wp:attachment":[{"href":"https:\/\/der-edv-coach.de\/index.php?rest_route=%2Fwp%2Fv2%2Fmedia&parent=47"}],"curies":[{"name":"wp","href":"https:\/\/api.w.org\/{rel}","templated":true}]}}