{"id":59,"date":"2017-10-31T16:19:20","date_gmt":"2017-10-31T16:19:20","guid":{"rendered":"http:\/\/der-edv-coach.de\/?page_id=59"},"modified":"2022-10-08T10:30:26","modified_gmt":"2022-10-08T10:30:26","slug":"impressum","status":"publish","type":"page","link":"https:\/\/der-edv-coach.de\/?page_id=59","title":{"rendered":"Impressum"},"content":{"rendered":"<p><strong>Unser Impressum und wichtige Hinweise &#8230;<\/strong><\/p>\n<p><strong>Beachten Sie bitte ebenfalls die geltende <a href=\"http:\/\/der-edv-coach.de\/?page_id=300\" target=\"_blank\" rel=\"noopener noreferrer\">Datenschutzerkl\u00e4rung<\/a>.<\/strong><\/p>\n<p>Weiterer Hinweis:<br \/>\nBez\u00fcglich fremder Inhalte, zu denen Verkn\u00fcpfungen (Links) bestehen, distanzieren wir uns entsprechend dem Urteil des Landgerichts Hamburg vom 12. Mai 1998 ausdr\u00fccklich von den Inhalten dieser Internetseiten.<\/p>\n<p>F\u00fcr alle Links gilt:<br \/>\nDer EDV-Coach Ingo Elstner hat keinen Einfluss auf Inhalt und Gestaltung der verlinkten Seiten.<br \/>\nDie Nutzung von Links, die zu Seiten au\u00dferhalb der Seiten von www.der-edv-coach.de und<br \/>\nwww.der-logistik-coach.de f\u00fchren, erfolgen auf eigene Verantwortung der Nutzer.<br \/>\nWir distanzieren uns hiermit von jeglichen Inhalten auf mit dieser Website verlinkten Partnern, Mitarbeitern etc., bzw. deren angebotener Ware und \/ oder Garantieanspr\u00fcchen etc..<\/p>\n<hr \/>\n<p>Diese Website wird betreut von:<\/p>\n<p>EBT Elstner &#8211; Beratung + Training<br \/>\n2003 &#8211; 2022<br \/>\nE-Mail: beratungundtraining@gmx.de<br \/>\nAdresse: Liebermannstr. 10, 39108 Magdeburg<br \/>\nMobilfunk: +49 (0) 160\/ 975 18 786<br \/>\nSteuernummer: 102\/216\/06782<\/p>\n<hr \/>\n<p>Technische Umsetzung: Stefan Vollrath &#8211; <a href=\"https:\/\/www.stefanvollrath.de\/\">VOLLRATH marketing &amp; design<\/a><\/p>\n<p>Die Website ist gehostet bei der STRATO AG.<\/p>\n<p>Dank an die Fotografen: Stephan Draht &amp; Marc Perry.<\/p>\n","protected":false},"excerpt":{"rendered":"<p>Unser Impressum und wichtige Hinweise &#8230; Beachten Sie bitte ebenfalls die geltende Datenschutzerkl\u00e4rung. Weiterer Hinweis: Bez\u00fcglich fremder Inhalte, zu denen Verkn\u00fcpfungen (Links) bestehen, distanzieren wir uns entsprechend dem Urteil des Landgerichts Hamburg vom 12. Mai 1998 ausdr\u00fccklich von den Inhalten&hellip; <\/p>\n","protected":false},"author":1,"featured_media":0,"parent":0,"menu_order":0,"comment_status":"closed","ping_status":"closed","template":"","meta":{"_monsterinsights_skip_tracking":false,"_monsterinsights_sitenote_active":false,"_monsterinsights_sitenote_note":"","_monsterinsights_sitenote_category":0,"_uf_show_specific_survey":0,"_uf_disable_surveys":false,"footnotes":""},"class_list":["post-59","page","type-page","status-publish","hentry"],"aioseo_notices":[],"_links":{"self":[{"href":"https:\/\/der-edv-coach.de\/index.php?rest_route=\/wp\/v2\/pages\/59","targetHints":{"allow":["GET"]}}],"collection":[{"href":"https:\/\/der-edv-coach.de\/index.php?rest_route=\/wp\/v2\/pages"}],"about":[{"href":"https:\/\/der-edv-coach.de\/index.php?rest_route=\/wp\/v2\/types\/page"}],"author":[{"embeddable":true,"href":"https:\/\/der-edv-coach.de\/index.php?rest_route=\/wp\/v2\/users\/1"}],"replies":[{"embeddable":true,"href":"https:\/\/der-edv-coach.de\/index.php?rest_route=%2Fwp%2Fv2%2Fcomments&post=59"}],"version-history":[{"count":16,"href":"https:\/\/der-edv-coach.de\/index.php?rest_route=\/wp\/v2\/pages\/59\/revisions"}],"predecessor-version":[{"id":585,"href":"https:\/\/der-edv-coach.de\/index.php?rest_route=\/wp\/v2\/pages\/59\/revisions\/585"}],"wp:attachment":[{"href":"https:\/\/der-edv-coach.de\/index.php?rest_route=%2Fwp%2Fv2%2Fmedia&parent=59"}],"curies":[{"name":"wp","href":"https:\/\/api.w.org\/{rel}","templated":true}]}}